{"id":679,"date":"2024-08-13T15:09:54","date_gmt":"2024-08-13T15:09:54","guid":{"rendered":"https:\/\/www.nubosoluciones.com\/?page_id=679"},"modified":"2024-10-21T18:43:48","modified_gmt":"2024-10-21T18:43:48","slug":"soluciones","status":"publish","type":"page","link":"https:\/\/www.nubosoluciones.com\/en\/solutions\/","title":{"rendered":"Solutions"},"content":{"rendered":"<p>[et_pb_section fb_built=\u00bb1&#8243; next_background_color=\u00bb#ffffff\u00bb admin_label=\u00bbHeader\u00bb _builder_version=\u00bb4.27.2&#8243; use_background_color_gradient=\u00bbon\u00bb background_color_gradient_direction=\u00bb237deg\u00bb background_color_gradient_stops=\u00bb#939393 0%|#0a0101 100%\u00bb background_color_gradient_start=\u00bb#46b3ff\u00bb background_color_gradient_end=\u00bb#0752fe\u00bb background_enable_image=\u00bboff\u00bb background_size=\u00bbcontain\u00bb background_position=\u00bbbottom_center\u00bb custom_padding=\u00bb||101px|||\u00bb bottom_divider_style=\u00bbwaves2&#8243; bottom_divider_height=\u00bb79px\u00bb bottom_divider_repeat=\u00bb1.5x\u00bb animation_style=\u00bbslide\u00bb animation_direction=\u00bbtop\u00bb animation_intensity_slide=\u00bb2%\u00bb animation_starting_opacity=\u00bb100%\u00bb global_colors_info=\u00bb{}\u00bb][et_pb_row column_structure=\u00bb1_2,1_2&#8243; _builder_version=\u00bb4.16&#8243; global_colors_info=\u00bb{}\u00bb][et_pb_column type=\u00bb1_2&#8243; _builder_version=\u00bb4.16&#8243; custom_padding=\u00bb60px|||\u00bb custom_padding_tablet=\u00bb0px|||\u00bb custom_padding_phone=\u00bb0px|||\u00bb custom_padding_last_edited=\u00bbon|tablet\u00bb global_colors_info=\u00bb{}\u00bb padding_tablet=\u00bb0px|||\u00bb padding_last_edited=\u00bbon|tablet\u00bb custom_padding__hover=\u00bb|||\u00bb padding_phone=\u00bb0px|||\u00bb][et_pb_text _builder_version=\u00bb4.27.0&#8243; header_font=\u00bbRubik|500|||||||\u00bb header_font_size=\u00bb52px\u00bb header_line_height=\u00bb1.2em\u00bb background_layout=\u00bbdark\u00bb header_font_size_tablet=\u00bb42px\u00bb header_font_size_phone=\u00bb32px\u00bb header_font_size_last_edited=\u00bbon|desktop\u00bb text_text_shadow_style=\u00bbpreset1&#8243; text_text_shadow_blur_strength=\u00bb2em\u00bb global_colors_info=\u00bb{}\u00bb]<\/p>\n<h1>Our solutions<\/h1>\n<p><span>In NuBo Solutions, we do not believe in generic solutions. We understand that each industry has its own needs and challenges. For that reason, we offer specific solutions-woven by our partner DSMG for different areas.<\/span><\/p>\n<p>[\/et_pb_text][et_pb_blurb title=\u00bbSoluciones Verticales\u00bb use_icon=\u00bbon\u00bb font_icon=\u00bb&#xe052;||divi||400&#8243; icon_color=\u00bb#ffffff\u00bb icon_placement=\u00bbleft\u00bb image_icon_width=\u00bb22px\u00bb content_max_width=\u00bb1100px\u00bb _builder_version=\u00bb4.16&#8243; header_font=\u00bb|600|||||||\u00bb header_font_size=\u00bb16px\u00bb header_line_height=\u00bb1.4em\u00bb background_layout=\u00bbdark\u00bb custom_margin=\u00bb|||\u00bb icon_font_size=\u00bb22px\u00bb locked=\u00bboff\u00bb global_colors_info=\u00bb{}\u00bb][\/et_pb_blurb][et_pb_blurb title=\u00bbSoluciones Sectoriales\u00bb use_icon=\u00bbon\u00bb font_icon=\u00bb&#xe052;||divi||400&#8243; icon_color=\u00bb#ffffff\u00bb icon_placement=\u00bbleft\u00bb image_icon_width=\u00bb22px\u00bb content_max_width=\u00bb1100px\u00bb _builder_version=\u00bb4.16&#8243; header_font=\u00bb|600|||||||\u00bb header_font_size=\u00bb16px\u00bb header_line_height=\u00bb1.4em\u00bb background_layout=\u00bbdark\u00bb custom_margin=\u00bb|||\u00bb icon_font_size=\u00bb22px\u00bb locked=\u00bboff\u00bb global_colors_info=\u00bb{}\u00bb][\/et_pb_blurb][\/et_pb_column][et_pb_column type=\u00bb1_2&#8243; _builder_version=\u00bb4.16&#8243; custom_padding=\u00bb|||\u00bb global_colors_info=\u00bb{}\u00bb custom_padding__hover=\u00bb|||\u00bb][et_pb_image src=\u00bbhttps:\/\/www.nubosoluciones.com\/wp-content\/uploads\/2024\/10\/1.svg\u00bb alt=\u00bb1&#8243; title_text=\u00bb1&#8243; align_tablet=\u00bbcenter\u00bb align_phone=\u00bbcenter\u00bb align_last_edited=\u00bbon|desktop\u00bb _builder_version=\u00bb4.27.2&#8243; custom_padding=\u00bb||||false|false\u00bb filter_invert=\u00bb100%\u00bb animation_style=\u00bbzoom\u00bb animation_intensity_zoom=\u00bb10%\u00bb hover_enabled=\u00bb0&#8243; global_colors_info=\u00bb{}\u00bb sticky_enabled=\u00bb0&#8243; align=\u00bbcenter\u00bb custom_margin=\u00bb50px||||false|false\u00bb custom_margin_last_edited=\u00bbon|tablet\u00bb custom_margin_tablet=\u00bb0px||||false|false\u00bb max_width_last_edited=\u00bbon|tablet\u00bb max_width_tablet=\u00bb60%\u00bb custom_margin_phone=\u00bb0px||||false|false\u00bb max_width_phone=\u00bb60%\u00bb][\/et_pb_image][\/et_pb_column][\/et_pb_row][\/et_pb_section][et_pb_section fb_built=\u00bb1&#8243; admin_label=\u00bbFeatures\u00bb _builder_version=\u00bb4.16&#8243; min_height=\u00bb65.2px\u00bb custom_padding=\u00bb0px||8px|||\u00bb locked=\u00bboff\u00bb global_colors_info=\u00bb{}\u00bb][et_pb_row _builder_version=\u00bb4.16&#8243; global_colors_info=\u00bb{}\u00bb][et_pb_column type=\u00bb4_4&#8243; _builder_version=\u00bb4.16&#8243; custom_padding=\u00bb|||\u00bb global_colors_info=\u00bb{}\u00bb custom_padding__hover=\u00bb|||\u00bb][et_pb_text _builder_version=\u00bb4.27.0&#8243; header_2_font=\u00bbWork Sans|700||on|||||\u00bb header_2_text_color=\u00bb#ff8f00&#8243; header_3_line_height=\u00bb1.4em\u00bb text_orientation=\u00bbcenter\u00bb module_alignment=\u00bbcenter\u00bb header_2_font_size_tablet=\u00bb42px\u00bb header_2_font_size_phone=\u00bb32px\u00bb header_2_font_size_last_edited=\u00bboff|desktop\u00bb locked=\u00bboff\u00bb global_colors_info=\u00bb{}\u00bb]<\/p>\n<h2>Solutions<\/h2>\n<h3>We have the solution that suits you<\/h3>\n<p>[\/et_pb_text][\/et_pb_column][\/et_pb_row][\/et_pb_section][et_pb_section fb_built=\u00bb1&#8243; admin_label=\u00bbFeatures\u00bb _builder_version=\u00bb4.16&#8243; custom_padding=\u00bb11px|||||\u00bb global_colors_info=\u00bb{}\u00bb][et_pb_row column_structure=\u00bb1_3,1_3,1_3&#8243; _builder_version=\u00bb4.16&#8243; locked=\u00bboff\u00bb global_colors_info=\u00bb{}\u00bb][et_pb_column type=\u00bb1_3&#8243; _builder_version=\u00bb4.16&#8243; custom_padding=\u00bb|||\u00bb global_colors_info=\u00bb{}\u00bb custom_padding__hover=\u00bb|||\u00bb][et_pb_blurb title=\u00bbVisual Beauty\u00bb image=\u00bbhttps:\/\/www.nubosoluciones.com\/wp-content\/uploads\/2024\/10\/dsmg_visual_beauty.png\u00bb image_icon_width=\u00bb120px\u00bb content_max_width=\u00bb1100px\u00bb _builder_version=\u00bb4.27.0&#8243; header_font=\u00bbWork Sans|600|||||||\u00bb header_text_align=\u00bbcenter\u00bb header_line_height=\u00bb1.4em\u00bb body_font=\u00bb||||||||\u00bb body_text_align=\u00bbcenter\u00bb body_line_height=\u00bb2em\u00bb header_font_size_tablet=\u00bb\u00bb header_font_size_phone=\u00bb18px\u00bb header_font_size_last_edited=\u00bbon|phone\u00bb image_max_width=\u00bb50px\u00bb global_colors_info=\u00bb{}\u00bb]<\/p>\n<p>Application for salons and centers of aesthetic. Versions Light and Pro<\/p>\n<p>[\/et_pb_blurb][\/et_pb_column][et_pb_column type=\u00bb1_3&#8243; _builder_version=\u00bb4.16&#8243; custom_padding=\u00bb|||\u00bb global_colors_info=\u00bb{}\u00bb custom_padding__hover=\u00bb|||\u00bb][et_pb_blurb title=\u00bbVisual Clinic\u00bb image=\u00bbhttps:\/\/www.nubosoluciones.com\/wp-content\/uploads\/2024\/10\/dsmg_visual_clinic.png\u00bb image_icon_width=\u00bb120px\u00bb content_max_width=\u00bb1100px\u00bb _builder_version=\u00bb4.27.0&#8243; header_font=\u00bbWork Sans|600|||||||\u00bb header_text_align=\u00bbcenter\u00bb header_line_height=\u00bb1.4em\u00bb body_font=\u00bb||||||||\u00bb body_text_align=\u00bbcenter\u00bb body_line_height=\u00bb2em\u00bb image_max_width=\u00bb50px\u00bb locked=\u00bboff\u00bb global_colors_info=\u00bb{}\u00bb]<\/p>\n<p>Application for dental clinics, manage your clinic and the management of appointments.<\/p>\n<p>[\/et_pb_blurb][\/et_pb_column][et_pb_column type=\u00bb1_3&#8243; _builder_version=\u00bb4.16&#8243; custom_padding=\u00bb|||\u00bb global_colors_info=\u00bb{}\u00bb custom_padding__hover=\u00bb|||\u00bb][et_pb_blurb title=\u00bbA45&#8243; image=\u00bbhttps:\/\/www.nubosoluciones.com\/wp-content\/uploads\/2024\/10\/dsmg_a45.png\u00bb image_icon_width=\u00bb120px\u00bb content_max_width=\u00bb1100px\u00bb _builder_version=\u00bb4.27.0&#8243; header_font=\u00bbWork Sans|600|||||||\u00bb header_text_align=\u00bbcenter\u00bb header_line_height=\u00bb1.4em\u00bb body_font=\u00bb||||||||\u00bb body_text_align=\u00bbcenter\u00bb body_line_height=\u00bb2em\u00bb image_max_width=\u00bb50px\u00bb locked=\u00bboff\u00bb global_colors_info=\u00bb{}\u00bb]<\/p>\n<p>Billing, management and calculation of budgets boxes<\/p>\n<p>[\/et_pb_blurb][\/et_pb_column][\/et_pb_row][et_pb_row column_structure=\u00bb1_3,1_3,1_3&#8243; _builder_version=\u00bb4.16&#8243; locked=\u00bboff\u00bb global_colors_info=\u00bb{}\u00bb][et_pb_column type=\u00bb1_3&#8243; _builder_version=\u00bb4.16&#8243; custom_padding=\u00bb|||\u00bb global_colors_info=\u00bb{}\u00bb custom_padding__hover=\u00bb|||\u00bb][et_pb_blurb title=\u00bbA45 Calculator\u00bb image=\u00bbhttps:\/\/www.nubosoluciones.com\/wp-content\/uploads\/2024\/10\/dsmg_a45.png\u00bb image_icon_width=\u00bb120px\u00bb content_max_width=\u00bb1100px\u00bb _builder_version=\u00bb4.27.0&#8243; header_font=\u00bbWork Sans|600|||||||\u00bb header_text_align=\u00bbcenter\u00bb header_line_height=\u00bb1.4em\u00bb body_font=\u00bb||||||||\u00bb body_text_align=\u00bbcenter\u00bb body_line_height=\u00bb2em\u00bb image_max_width=\u00bb50px\u00bb locked=\u00bboff\u00bb global_colors_info=\u00bb{}\u00bb]<\/p>\n<p>Calculation of budgets boxes<\/p>\n<p>[\/et_pb_blurb][\/et_pb_column][et_pb_column type=\u00bb1_3&#8243; _builder_version=\u00bb4.16&#8243; custom_padding=\u00bb|||\u00bb global_colors_info=\u00bb{}\u00bb custom_padding__hover=\u00bb|||\u00bb][et_pb_blurb title=\u00bbVisual TOC\u00bb image=\u00bbhttps:\/\/www.nubosoluciones.com\/wp-content\/uploads\/2024\/10\/dsmg_toc.png\u00bb image_icon_width=\u00bb120px\u00bb content_max_width=\u00bb1100px\u00bb _builder_version=\u00bb4.27.0&#8243; header_font=\u00bbWork Sans|600|||||||\u00bb header_text_align=\u00bbcenter\u00bb header_line_height=\u00bb1.4em\u00bb body_font=\u00bb||||||||\u00bb body_text_align=\u00bbcenter\u00bb body_line_height=\u00bb2em\u00bb image_max_width=\u00bb50px\u00bb locked=\u00bboff\u00bb global_colors_info=\u00bb{}\u00bb]<\/p>\n<p>POS for restaurants and cafes<\/p>\n<p>[\/et_pb_blurb][\/et_pb_column][et_pb_column type=\u00bb1_3&#8243; _builder_version=\u00bb4.16&#8243; custom_padding=\u00bb|||\u00bb global_colors_info=\u00bb{}\u00bb custom_padding__hover=\u00bb|||\u00bb][et_pb_blurb title=\u00bbTarifast\u00bb image=\u00bbhttps:\/\/www.nubosoluciones.com\/wp-content\/uploads\/2024\/10\/dsmg_tarifast.png\u00bb image_icon_width=\u00bb120px\u00bb content_max_width=\u00bb1100px\u00bb _builder_version=\u00bb4.27.0&#8243; header_font=\u00bbWork Sans|600|||||||\u00bb header_text_align=\u00bbcenter\u00bb header_line_height=\u00bb1.4em\u00bb body_font=\u00bb||||||||\u00bb body_text_align=\u00bbcenter\u00bb body_line_height=\u00bb2em\u00bb image_max_width=\u00bb50px\u00bb locked=\u00bboff\u00bb global_colors_info=\u00bb{}\u00bb]<\/p>\n<p>Creation of menus and QR codes for the catering industry<\/p>\n<p>[\/et_pb_blurb][\/et_pb_column][\/et_pb_row][\/et_pb_section][et_pb_section fb_built=\u00bb1&#8243; _builder_version=\u00bb4.27.2&#8243; _module_preset=\u00bbdefault\u00bb bottom_divider_style=\u00bbcurve\u00bb bottom_divider_color=\u00bbRGBA(255,255,255,0)\u00bb global_colors_info=\u00bb{}\u00bb][et_pb_row _builder_version=\u00bb4.16&#8243; background_color=\u00bb#ffffff\u00bb custom_padding=\u00bb50px|40px|50px|40px|true|true\u00bb animation_style=\u00bbzoom\u00bb animation_intensity_zoom=\u00bb20%\u00bb border_radii=\u00bbon|24px|24px|24px|24px\u00bb box_shadow_style=\u00bbpreset1&#8243; box_shadow_vertical=\u00bb90px\u00bb box_shadow_blur=\u00bb160px\u00bb box_shadow_color=\u00bbrgba(0,0,0,0.06)\u00bb global_colors_info=\u00bb{}\u00bb][et_pb_column type=\u00bb4_4&#8243; _builder_version=\u00bb4.16&#8243; custom_padding=\u00bb|||\u00bb global_colors_info=\u00bb{}\u00bb custom_padding__hover=\u00bb|||\u00bb][et_pb_contact_form use_spam_service=\u00bbon\u00bb recaptcha_list=\u00bbnubo|nubo-0&#8243; email=\u00bbborjaluor@gmail.com\u00bb title=\u00bbSoluciones by DSMG\u00bb custom_message=\u00bbNombre: %%name%%||et_pb_line_break_holder||Email: %%email%%||et_pb_line_break_holder||Telefono: %%phone%%||et_pb_line_break_holder||Mensaje: ||et_pb_line_break_holder||%%message%%||et_pb_line_break_holder||Soluciones:||et_pb_line_break_holder||%%soluciones%%\u00bb success_message=\u00bb\u00a1Excelente! Tu mensaje ha sido enviado con \u00e9xito.  Si necesitas algo m\u00e1s, no dudes en volver a escribir. Estamos aqu\u00ed para ayudarte. \u00bb submit_button_text=\u00bbEnviar\u00bb module_id=\u00bbet_pb_contact_form_0&#8243; _builder_version=\u00bb4.27.2&#8243; form_field_background_color=\u00bb#f8fafe\u00bb form_field_font=\u00bb||||||||\u00bb custom_button=\u00bbon\u00bb button_text_size=\u00bb13px\u00bb button_text_color=\u00bb#ffffff\u00bb button_bg_color=\u00bb#263547&#8243; button_border_width=\u00bb10px\u00bb button_border_color=\u00bbrgba(0,0,0,0)\u00bb button_border_radius=\u00bb5px\u00bb button_letter_spacing=\u00bb1px\u00bb button_font=\u00bbRubik|||on|||||\u00bb button_use_icon=\u00bboff\u00bb custom_padding=\u00bb|||\u00bb border_radii=\u00bbon|5px|5px|5px|5px\u00bb border_width_all=\u00bb1px\u00bb border_color_all=\u00bb#dfe4f3&#8243; box_shadow_style_button=\u00bbpreset1&#8243; box_shadow_vertical_button=\u00bb20px\u00bb box_shadow_blur_button=\u00bb30px\u00bb box_shadow_color_button=\u00bbrgba(0,0,0,0.2)\u00bb form_background_color=\u00bb#f8fafe\u00bb locked=\u00bboff\u00bb global_colors_info=\u00bb{}\u00bb][et_pb_contact_field field_id=\u00bbname\u00bb field_title=\u00bbNombre\u00bb fullwidth_field=\u00bbon\u00bb _builder_version=\u00bb4.27.0&#8243; custom_margin=\u00bb||40px|\u00bb global_colors_info=\u00bb{}\u00bb button_text_size__hover_enabled=\u00bboff\u00bb button_one_text_size__hover_enabled=\u00bboff\u00bb button_two_text_size__hover_enabled=\u00bboff\u00bb button_text_color__hover_enabled=\u00bboff\u00bb button_one_text_color__hover_enabled=\u00bboff\u00bb button_two_text_color__hover_enabled=\u00bboff\u00bb button_border_width__hover_enabled=\u00bboff\u00bb button_one_border_width__hover_enabled=\u00bboff\u00bb button_two_border_width__hover_enabled=\u00bboff\u00bb button_border_color__hover_enabled=\u00bboff\u00bb button_one_border_color__hover_enabled=\u00bboff\u00bb button_two_border_color__hover_enabled=\u00bboff\u00bb button_border_radius__hover_enabled=\u00bboff\u00bb button_one_border_radius__hover_enabled=\u00bboff\u00bb button_two_border_radius__hover_enabled=\u00bboff\u00bb button_letter_spacing__hover_enabled=\u00bboff\u00bb button_one_letter_spacing__hover_enabled=\u00bboff\u00bb button_two_letter_spacing__hover_enabled=\u00bboff\u00bb button_bg_color__hover_enabled=\u00bboff\u00bb button_one_bg_color__hover_enabled=\u00bboff\u00bb button_two_bg_color__hover_enabled=\u00bboff\u00bb][\/et_pb_contact_field][et_pb_contact_field field_id=\u00bbemail\u00bb field_title=\u00bbCorreo electr\u00f3nico\u00bb field_type=\u00bbemail\u00bb fullwidth_field=\u00bbon\u00bb _builder_version=\u00bb4.27.0&#8243; custom_margin=\u00bb||40px|\u00bb global_colors_info=\u00bb{}\u00bb button_text_size__hover_enabled=\u00bboff\u00bb button_one_text_size__hover_enabled=\u00bboff\u00bb button_two_text_size__hover_enabled=\u00bboff\u00bb button_text_color__hover_enabled=\u00bboff\u00bb button_one_text_color__hover_enabled=\u00bboff\u00bb button_two_text_color__hover_enabled=\u00bboff\u00bb button_border_width__hover_enabled=\u00bboff\u00bb button_one_border_width__hover_enabled=\u00bboff\u00bb button_two_border_width__hover_enabled=\u00bboff\u00bb button_border_color__hover_enabled=\u00bboff\u00bb button_one_border_color__hover_enabled=\u00bboff\u00bb button_two_border_color__hover_enabled=\u00bboff\u00bb button_border_radius__hover_enabled=\u00bboff\u00bb button_one_border_radius__hover_enabled=\u00bboff\u00bb button_two_border_radius__hover_enabled=\u00bboff\u00bb button_letter_spacing__hover_enabled=\u00bboff\u00bb button_one_letter_spacing__hover_enabled=\u00bboff\u00bb button_two_letter_spacing__hover_enabled=\u00bboff\u00bb button_bg_color__hover_enabled=\u00bboff\u00bb button_one_bg_color__hover_enabled=\u00bboff\u00bb button_two_bg_color__hover_enabled=\u00bboff\u00bb][\/et_pb_contact_field][et_pb_contact_field field_id=\u00bbphone\u00bb field_title=\u00bbTel\u00e9fono\u00bb allowed_symbols=\u00bbnumbers\u00bb fullwidth_field=\u00bbon\u00bb _builder_version=\u00bb4.27.0&#8243; custom_margin=\u00bb||40px|\u00bb global_colors_info=\u00bb{}\u00bb button_text_size__hover_enabled=\u00bboff\u00bb button_one_text_size__hover_enabled=\u00bboff\u00bb button_two_text_size__hover_enabled=\u00bboff\u00bb button_text_color__hover_enabled=\u00bboff\u00bb button_one_text_color__hover_enabled=\u00bboff\u00bb button_two_text_color__hover_enabled=\u00bboff\u00bb button_border_width__hover_enabled=\u00bboff\u00bb button_one_border_width__hover_enabled=\u00bboff\u00bb button_two_border_width__hover_enabled=\u00bboff\u00bb button_border_color__hover_enabled=\u00bboff\u00bb button_one_border_color__hover_enabled=\u00bboff\u00bb button_two_border_color__hover_enabled=\u00bboff\u00bb button_border_radius__hover_enabled=\u00bboff\u00bb button_one_border_radius__hover_enabled=\u00bboff\u00bb button_two_border_radius__hover_enabled=\u00bboff\u00bb button_letter_spacing__hover_enabled=\u00bboff\u00bb button_one_letter_spacing__hover_enabled=\u00bboff\u00bb button_two_letter_spacing__hover_enabled=\u00bboff\u00bb button_bg_color__hover_enabled=\u00bboff\u00bb button_one_bg_color__hover_enabled=\u00bboff\u00bb button_two_bg_color__hover_enabled=\u00bboff\u00bb][\/et_pb_contact_field][et_pb_contact_field field_id=\u00bbmessage\u00bb field_title=\u00bbMensaje\u00bb field_type=\u00bbtext\u00bb fullwidth_field=\u00bbon\u00bb _builder_version=\u00bb4.27.0&#8243; custom_margin=\u00bb||40px|\u00bb global_colors_info=\u00bb{}\u00bb button_text_size__hover_enabled=\u00bboff\u00bb button_one_text_size__hover_enabled=\u00bboff\u00bb button_two_text_size__hover_enabled=\u00bboff\u00bb button_text_color__hover_enabled=\u00bboff\u00bb button_one_text_color__hover_enabled=\u00bboff\u00bb button_two_text_color__hover_enabled=\u00bboff\u00bb button_border_width__hover_enabled=\u00bboff\u00bb button_one_border_width__hover_enabled=\u00bboff\u00bb button_two_border_width__hover_enabled=\u00bboff\u00bb button_border_color__hover_enabled=\u00bboff\u00bb button_one_border_color__hover_enabled=\u00bboff\u00bb button_two_border_color__hover_enabled=\u00bboff\u00bb button_border_radius__hover_enabled=\u00bboff\u00bb button_one_border_radius__hover_enabled=\u00bboff\u00bb button_two_border_radius__hover_enabled=\u00bboff\u00bb button_letter_spacing__hover_enabled=\u00bboff\u00bb button_one_letter_spacing__hover_enabled=\u00bboff\u00bb button_two_letter_spacing__hover_enabled=\u00bboff\u00bb button_bg_color__hover_enabled=\u00bboff\u00bb button_one_bg_color__hover_enabled=\u00bboff\u00bb button_two_bg_color__hover_enabled=\u00bboff\u00bb][\/et_pb_contact_field][et_pb_contact_field field_id=\u00bbsoluciones\u00bb field_title=\u00bbEn que soluci\u00f3n esta interesado:\u00bb field_type=\u00bbcheckbox\u00bb checkbox_options=\u00bb%91{%22value%22:%22Visual Beauty%22,%22checked%22:0,%22dragID%22:-1},{%22value%22:%22Visual Clinic%22,%22checked%22:0,%22dragID%22:0},{%22value%22:%22A45%22,%22checked%22:0,%22dragID%22:1},{%22value%22:%22A45 Calculator%22,%22checked%22:0,%22dragID%22:2},{%22value%22:%22Visual TOC%22,%22checked%22:0,%22dragID%22:3},{%22value%22:%22Tarifast%22,%22checked%22:0,%22dragID%22:4},{%22value%22:%22Desarrollo a medida%22,%22checked%22:0,%22dragID%22:5}%93&#8243; fullwidth_field=\u00bbon\u00bb _builder_version=\u00bb4.27.0&#8243; _module_preset=\u00bbdefault\u00bb global_colors_info=\u00bb{}\u00bb][\/et_pb_contact_field][et_pb_contact_field field_id=\u00bbgprd\u00bb field_title=\u00bb GPRD\u00bb field_type=\u00bbcheckbox\u00bb checkbox_options=\u00bb%91{%22value%22:%22Acepto los t\u00e9rminos y condiciones de la %22,%22checked%22:0,%22dragID%22:-1,%22link_url%22:%22\/declaracion-de-privacidad-ue\/%22,%22link_text%22:%22Pol\u00edtica de Privacidad%22}%93&#8243; fullwidth_field=\u00bbon\u00bb _builder_version=\u00bb4.27.0&#8243; _module_preset=\u00bbdefault\u00bb global_colors_info=\u00bb{}\u00bb][\/et_pb_contact_field][\/et_pb_contact_form][\/et_pb_column][\/et_pb_row][\/et_pb_section][et_pb_section fb_built=\u00bb1&#8243; admin_label=\u00bbSupport\u00bb _builder_version=\u00bb4.27.2&#8243; background_color=\u00bbRGBA(255,255,255,0)\u00bb use_background_color_gradient=\u00bbon\u00bb background_color_gradient_direction=\u00bb150deg\u00bb background_color_gradient_stops=\u00bb#ff8f00 0%|#ffba61 100%\u00bb background_color_gradient_start=\u00bb#ffba61&#8243; background_color_gradient_end=\u00bb#ffe970&#8243; background_enable_image=\u00bboff\u00bb background_size=\u00bbcontain\u00bb background_position=\u00bbtop_center\u00bb custom_padding=\u00bb150px||150px||true|false\u00bb top_divider_style=\u00bbwave2&#8243; top_divider_color=\u00bb#FFFFFF\u00bb bottom_divider_style=\u00bbwave2&#8243; bottom_divider_color=\u00bb#FFFFFF\u00bb bottom_divider_repeat=\u00bb1.5x\u00bb global_module=\u00bb980&#8243; saved_tabs=\u00bball\u00bb global_colors_info=\u00bb{}\u00bb][et_pb_row _builder_version=\u00bb4.16&#8243; locked=\u00bboff\u00bb global_colors_info=\u00bb{}\u00bb][et_pb_column type=\u00bb4_4&#8243; _builder_version=\u00bb4.16&#8243; custom_padding=\u00bb|||\u00bb global_colors_info=\u00bb{}\u00bb custom_padding__hover=\u00bb|||\u00bb][et_pb_text _builder_version=\u00bb4.27.2&#8243; header_2_font=\u00bbRubik|500||on|||||\u00bb header_2_text_color=\u00bb#0A0101&#8243; header_2_font_size=\u00bb42px\u00bb header_2_line_height=\u00bb1.2em\u00bb text_orientation=\u00bbcenter\u00bb background_layout=\u00bbdark\u00bb max_width=\u00bb700px\u00bb module_alignment=\u00bbcenter\u00bb header_2_font_size_tablet=\u00bb42px\u00bb header_2_font_size_phone=\u00bb32px\u00bb header_2_font_size_last_edited=\u00bbon|desktop\u00bb text_text_shadow_style=\u00bbpreset1&#8243; text_text_shadow_blur_strength=\u00bb2em\u00bb locked=\u00bboff\u00bb global_colors_info=\u00bb{}\u00bb]<\/p>\n<h2>Why choose us?<\/h2>\n<ul>\n<li>\n<p style=\"text-align: left;\"><strong>Experience of More than 20 Years<\/strong>: We are veterans in the world of development. We have seen how technology evolves and we have learned to adapt.<\/p>\n<\/li>\n<li style=\"text-align: left;\"><strong>Personalized Approach<\/strong>: We do not believe in generic solutions. We listen to your needs and create software that fits you.<\/li>\n<li>\n<p style=\"text-align: left;\"><strong>Passion for Innovation<\/strong>: We love to explore new technologies and trends. We are always looking for smarter ways of doing things.<\/p>\n<\/li>\n<\/ul>\n<p>[\/et_pb_text][\/et_pb_column][\/et_pb_row][\/et_pb_section][et_pb_section fb_built=\u00bb1&#8243; admin_label=\u00bbFooter\u00bb _builder_version=\u00bb4.27.2&#8243; background_enable_image=\u00bboff\u00bb background_size=\u00bbcontain\u00bb background_position=\u00bbtop_center\u00bb custom_margin=\u00bb|0px||0px|false|false\u00bb custom_padding=\u00bb121px|0px|121px|0px|true|false\u00bb bottom_divider_style=\u00bbwave2&#8243; bottom_divider_color=\u00bb#353535&#8243; animation_style=\u00bbslide\u00bb animation_direction=\u00bbtop\u00bb animation_intensity_slide=\u00bb5%\u00bb animation_starting_opacity=\u00bb100%\u00bb global_module=\u00bb651&#8243; saved_tabs=\u00bball\u00bb global_colors_info=\u00bb{}\u00bb][et_pb_row _builder_version=\u00bb4.16&#8243; custom_padding=\u00bb15px||36px|||\u00bb global_colors_info=\u00bb{}\u00bb][et_pb_column type=\u00bb4_4&#8243; _builder_version=\u00bb4.16&#8243; custom_padding=\u00bb|||\u00bb global_colors_info=\u00bb{}\u00bb custom_padding__hover=\u00bb|||\u00bb][et_pb_cta title=\u00bb\u00bfTienes un proyecto?\u00bb button_url=\u00bb@ET-DC@eyJkeW5hbWljIjp0cnVlLCJjb250ZW50IjoicG9zdF9saW5rX3VybF9wYWdlIiwic2V0dGluZ3MiOnsicG9zdF9pZCI6IjY4NyJ9fQ==@\u00bb button_text=\u00bb\u00a1Hablemos!\u00bb _builder_version=\u00bb4.27.2&#8243; _dynamic_attributes=\u00bbbutton_url\u00bb _module_preset=\u00bbdefault\u00bb header_font=\u00bbWork Sans||||||||\u00bb body_font=\u00bbWork Sans||||||||\u00bb custom_button=\u00bbon\u00bb button_text_size=\u00bb13px\u00bb button_text_color=\u00bb#0A0101&#8243; button_bg_color=\u00bb#FFFFFF\u00bb button_border_width=\u00bb0px\u00bb button_border_color=\u00bbrgba(0,0,0,0)\u00bb button_border_radius=\u00bb5px\u00bb button_letter_spacing=\u00bb1px\u00bb button_font=\u00bbWork Sans|||on|||||\u00bb button_use_icon=\u00bboff\u00bb button_custom_padding=\u00bb15px|36px|15px|36px|true|true\u00bb custom_padding=\u00bb|150px||150px|false|true\u00bb custom_padding_tablet=\u00bb\u00bb custom_padding_phone=\u00bb|10px||10px|false|true\u00bb custom_padding_last_edited=\u00bbon|phone\u00bb border_radii=\u00bbon|25px|25px|25px|25px\u00bb global_colors_info=\u00bb{}\u00bb button_letter_spacing__hover=\u00bb1px\u00bb button_letter_spacing__hover_enabled=\u00bbon\u00bb]<\/p>\n<p>In NuBo Solutions, we are eager to hear your ideas and turn them into reality. Whether you need a mobile app, a website or a business solution to measure, our team is ready to put hands to the work. \u00a1Contact us today and let&#039;s start to create it together!<\/p>\n<p>[\/et_pb_cta][\/et_pb_column][\/et_pb_row][\/et_pb_section]<\/p>","protected":false},"excerpt":{"rendered":"<p>Nuestras soluciones En NuBo Soluciones, no creemos en soluciones gen\u00e9ricas. Entendemos que cada sector tiene sus propias necesidades y desaf\u00edos. Por eso, te ofrecemos soluciones especificas tejidas por nuestro socio DSMG para diferentes \u00e1reas.Soluciones Tenemos la soluci\u00f3n que se adapta a t\u00edAplicaci\u00f3n para peluquer\u00edas y centros de esteticas. Versiones Light y ProAplicaci\u00f3n para cl\u00ednicas dentales, [&hellip;]<\/p>","protected":false},"author":1,"featured_media":0,"parent":0,"menu_order":0,"comment_status":"closed","ping_status":"closed","template":"","meta":{"_et_pb_use_builder":"on","_et_pb_old_content":"","_et_gb_content_width":"","inline_featured_image":false,"footnotes":""},"class_list":["post-679","page","type-page","status-publish","hentry"],"_links":{"self":[{"href":"https:\/\/www.nubosoluciones.com\/en\/wp-json\/wp\/v2\/pages\/679"}],"collection":[{"href":"https:\/\/www.nubosoluciones.com\/en\/wp-json\/wp\/v2\/pages"}],"about":[{"href":"https:\/\/www.nubosoluciones.com\/en\/wp-json\/wp\/v2\/types\/page"}],"author":[{"embeddable":true,"href":"https:\/\/www.nubosoluciones.com\/en\/wp-json\/wp\/v2\/users\/1"}],"replies":[{"embeddable":true,"href":"https:\/\/www.nubosoluciones.com\/en\/wp-json\/wp\/v2\/comments?post=679"}],"version-history":[{"count":20,"href":"https:\/\/www.nubosoluciones.com\/en\/wp-json\/wp\/v2\/pages\/679\/revisions"}],"predecessor-version":[{"id":1074,"href":"https:\/\/www.nubosoluciones.com\/en\/wp-json\/wp\/v2\/pages\/679\/revisions\/1074"}],"wp:attachment":[{"href":"https:\/\/www.nubosoluciones.com\/en\/wp-json\/wp\/v2\/media?parent=679"}],"curies":[{"name":"wp","href":"https:\/\/api.w.org\/{rel}","templated":true}]}}